{"id":173,"date":"2019-09-04T20:06:57","date_gmt":"2019-09-04T18:06:57","guid":{"rendered":"http:\/\/osobdravinji.splet.arnes.si\/?page_id=173"},"modified":"2026-04-08T17:27:18","modified_gmt":"2026-04-08T15:27:18","slug":"e-tiskovine","status":"publish","type":"page","link":"https:\/\/osobdravinji.si\/?page_id=173","title":{"rendered":"E-tiskovine"},"content":{"rendered":"<p><strong>S<\/strong><strong>eznam\u00a0<\/strong><strong>\u0161olskih potreb\u0161\u010din za 2025\/2026:<\/strong><\/p>\n<ul>\n<li><a href=\"https:\/\/osobdravinji.si\/files\/2025\/06\/Seznam-gradiv-OS-Ob-Dravinji-in-POS-Tepanje-v-potrditev-SS-25.26.pdf\">Seznam gradiv O\u0160 Ob Dravinji in PO\u0160 Tepanje 25\/26<\/a><\/li>\n<li><a href=\"https:\/\/osobdravinji.si\/files\/2025\/06\/SEZNAM-GRADIV-ZA-SOLSKO-LETO-2025-1.pdf\">SEZNAM GRADIV ZA \u0160OLSKO LETO 2025\/26 &#8211; naro\u010dila<\/a><\/li>\n<\/ul>\n<p><strong>Vzgojni na\u010drt:<\/strong><\/p>\n<ul>\n<li><a href=\"http:\/\/osobdravinji.splet.arnes.si\/files\/2019\/09\/1Vzgojni_nacrt.pdf\">Vzgojni na\u010drt<\/a><\/li>\n<li><a href=\"https:\/\/osobdravinji.si\/files\/2025\/11\/Dopolnitev-Pravil-solskega-reda-OS-Ob-Dravinji-2025.pdf\">Dopolnitev Pravil \u0161olskega reda O\u0160 Ob Dravinji<\/a><\/li>\n<\/ul>\n<p><strong>Hi\u0161ni red:<br \/><\/strong><\/p>\n<ul>\n<li><a href=\"https:\/\/osobdravinji.si\/files\/2024\/10\/HISNI-RED-OS-OB-DRAVINJI.pdf\">Hi\u0161ni red<\/a><\/li>\n<\/ul>\n<p><strong>\u0160olski spletni \u010dasopis:<\/strong><\/p>\n<ul>\n<li><a href=\"http:\/\/osobdravinji.splet.arnes.si\/files\/2019\/09\/spletko1.pdf\">Spletko &#8211; december 2017\/2018<\/a><\/li>\n<li><a href=\"http:\/\/osobdravinji.splet.arnes.si\/files\/2019\/09\/spletko.pdf\">Spletko &#8211; junij 2017\/2018<\/a><\/li>\n<li><a href=\"http:\/\/osobdravinji.splet.arnes.si\/files\/2019\/09\/SPLETKO3.pdf\">Spletko &#8211; december 2019\/2020<\/a><\/li>\n<li><a href=\"http:\/\/osobdravinji.splet.arnes.si\/files\/2020\/12\/spletko4.pdf\">Spletko &#8211; december 2020\/2021<\/a><\/li>\n<li><a href=\"https:\/\/osobdravinji.si\/files\/2023\/12\/SPLETKO-junij-2021-the-end-2.pdf\">Spletko &#8211; junij 2020\/2021 <\/a><\/li>\n<li><a href=\"https:\/\/osobdravinji.si\/files\/2023\/12\/SPLETKO-december-2021-1.pdf\">Spletko &#8211; december 2021\/2022<\/a><\/li>\n<li><a href=\"https:\/\/osobdravinji.si\/files\/2023\/12\/SPLETKO-JUNIJ-2023-1.pdf\">Spletko &#8211; junij 2022\/2023<\/a><\/li>\n<li><a href=\"https:\/\/osobdravinji.si\/files\/2023\/12\/Spletko-december-2023-3.pdf\">Spletko &#8211; december 2023\/2024<\/a><\/li>\n<li><a href=\"https:\/\/osobdravinji.si\/files\/2025\/01\/SPLETKO-junij-2024.pdf\">Spletko &#8211;\u00a0 junij 2023\/2024<\/a><\/li>\n<li><a href=\"https:\/\/osobdravinji.si\/files\/2025\/01\/Spletko-december-2024.pdf\">Spletko &#8211; december 2024\/2025<\/a><\/li>\n<\/ul>\n<p><strong>LDN 2025\/2026:<\/strong><\/p>\n<ul>\n<li><a href=\"https:\/\/osobdravinji.si\/files\/2025\/10\/LETNI-DELOVNI-NACRT-20.-10.-2025.pdf\">Letni delovni na\u010drt<\/a><\/li>\n<\/ul>\n<p><strong>Prometno varnostni na\u010drt \u0161ole:<\/strong><\/p>\n<ul>\n<li><a href=\"http:\/\/osobdravinji.splet.arnes.si\/files\/2019\/09\/Prometno-varnostni-nac\u030crt-novo.pdf\">PROMETNO VARNOSTNI NA\u010cRT<\/a><\/li>\n<\/ul>\n\n\n<p><strong>Na\u010drt pisnih nalog v 1. ocenjevalnem obdobju 2025\/2026:<\/strong><\/p>\n\n\n\n<div class=\"wp-block-file\"><a id=\"wp-block-file--media-6989fc60-812e-484d-a4ce-420ff00e10dd\" href=\"https:\/\/osobdravinji.si\/files\/2026\/01\/MREZNI-NACRT-OB-DRAVINJI-1.-OCENJEVALNO-OBDOBJE-25-26-1.pdf\">MRE\u017dNI NA\u010cRT OB DRAVINJI &#8211; 1. OCENJEVALNO OBDOBJE<\/a><a href=\"https:\/\/osobdravinji.si\/files\/2026\/01\/MREZNI-NACRT-OB-DRAVINJI-1.-OCENJEVALNO-OBDOBJE-25-26-1.pdf\" class=\"wp-block-file__button wp-element-button\" download aria-describedby=\"wp-block-file--media-6989fc60-812e-484d-a4ce-420ff00e10dd\">Prenos<\/a><\/div>\n\n\n\n<div class=\"wp-block-file\"><a id=\"wp-block-file--media-43e4f3ce-ac68-4daa-a4e8-e7928ff748e1\" href=\"https:\/\/osobdravinji.si\/files\/2025\/12\/MREZNI-NACRT-POS-TEPANJE-1.-OCENJEVALNO-OBDOBJE-25-26-1.pdf\">MRE\u017dNI NA\u010cRT PO\u0160 TEPANJE &#8211; 1. OCENJEVALNO OBDOBJE<\/a><a href=\"https:\/\/osobdravinji.si\/files\/2025\/12\/MREZNI-NACRT-POS-TEPANJE-1.-OCENJEVALNO-OBDOBJE-25-26-1.pdf\" class=\"wp-block-file__button wp-element-button\" download aria-describedby=\"wp-block-file--media-43e4f3ce-ac68-4daa-a4e8-e7928ff748e1\">Prenos<\/a><\/div>\n\n\n\n<p><strong>Na\u010drt pisnih nalog v 2. ocenjevalnem obdobju 2025\/2026:<\/strong><\/p>\n\n\n\n<div class=\"wp-block-file\"><a id=\"wp-block-file--media-58c589a7-67e0-4c30-8da3-7b67cdc2dcd0\" href=\"https:\/\/osobdravinji.si\/files\/2026\/03\/MREZNI-NACRT-OS-OB-DRAVINJI-2.-OCENJEVALNO-OBDOBJE-1.pdf\">MRE\u017dNI NA\u010cRT O\u0160 OB DRAVINJI &#8211; 2. OCENJEVALNO OBDOBJE<\/a><a href=\"https:\/\/osobdravinji.si\/files\/2026\/03\/MREZNI-NACRT-OS-OB-DRAVINJI-2.-OCENJEVALNO-OBDOBJE-1.pdf\" class=\"wp-block-file__button wp-element-button\" download aria-describedby=\"wp-block-file--media-58c589a7-67e0-4c30-8da3-7b67cdc2dcd0\">Prenos<\/a><\/div>\n\n\n\n<div class=\"wp-block-file\"><a id=\"wp-block-file--media-266c4cbe-84e4-4e6c-92e3-c30461d1d9f8\" href=\"https:\/\/osobdravinji.si\/files\/2026\/04\/MREZNI-NACRT-POS-TEPANJE-2.-OCENJEVALNO-OBDOBJE.pdf\">MRE\u017dNI NA\u010cRT PO\u0160 TEPANJE &#8211; 2. OCENJEVALNO OBDOBJE<\/a><a href=\"https:\/\/osobdravinji.si\/files\/2026\/04\/MREZNI-NACRT-POS-TEPANJE-2.-OCENJEVALNO-OBDOBJE.pdf\" class=\"wp-block-file__button wp-element-button\" download aria-describedby=\"wp-block-file--media-266c4cbe-84e4-4e6c-92e3-c30461d1d9f8\">Prenos<\/a><\/div>\n","protected":false},"excerpt":{"rendered":"<p>Seznam\u00a0\u0161olskih potreb\u0161\u010din za 2025\/2026: Seznam gradiv O\u0160 Ob Dravinji in PO\u0160 Tepanje 25\/26 SEZNAM GRADIV ZA \u0160OLSKO LETO 2025\/26 &#8211; naro\u010dila Vzgojni na\u010drt: Vzgojni na\u010drt Dopolnitev Pravil \u0161olskega reda O\u0160 Ob Dravinji Hi\u0161ni red: Hi\u0161ni red \u0160olski spletni \u010dasopis: Spletko &#8211; december 2017\/2018 Spletko &#8211; junij 2017\/2018 Spletko &#8211; december 2019\/2020 Spletko &#8211; december 2020\/2021 Spletko &#8211; junij 2020\/2021 Spletko &#8211; december 2021\/2022 Spletko &#8211; junij 2022\/2023 Spletko &#8211; december 2023\/2024 Spletko &#8211;\u00a0 junij 2023\/2024 Spletko &#8211; december 2024\/2025 LDN 2025\/2026: Letni delovni na\u010drt Prometno varnostni na\u010drt \u0161ole: PROMETNO VARNOSTNI NA\u010cRT Na\u010drt pisnih nalog v 1. ocenjevalnem obdobju 2025\/2026: Na\u010drt [&hellip;]<\/p>\n","protected":false},"author":34631,"featured_media":0,"parent":0,"menu_order":0,"comment_status":"closed","ping_status":"closed","template":"","meta":{"footnotes":""},"class_list":["post-173","page","type-page","status-publish","hentry"],"_links":{"self":[{"href":"https:\/\/osobdravinji.si\/index.php?rest_route=\/wp\/v2\/pages\/173","targetHints":{"allow":["GET"]}}],"collection":[{"href":"https:\/\/osobdravinji.si\/index.php?rest_route=\/wp\/v2\/pages"}],"about":[{"href":"https:\/\/osobdravinji.si\/index.php?rest_route=\/wp\/v2\/types\/page"}],"author":[{"embeddable":true,"href":"https:\/\/osobdravinji.si\/index.php?rest_route=\/wp\/v2\/users\/34631"}],"replies":[{"embeddable":true,"href":"https:\/\/osobdravinji.si\/index.php?rest_route=%2Fwp%2Fv2%2Fcomments&post=173"}],"version-history":[{"count":15,"href":"https:\/\/osobdravinji.si\/index.php?rest_route=\/wp\/v2\/pages\/173\/revisions"}],"predecessor-version":[{"id":15975,"href":"https:\/\/osobdravinji.si\/index.php?rest_route=\/wp\/v2\/pages\/173\/revisions\/15975"}],"wp:attachment":[{"href":"https:\/\/osobdravinji.si\/index.php?rest_route=%2Fwp%2Fv2%2Fmedia&parent=173"}],"curies":[{"name":"wp","href":"https:\/\/api.w.org\/{rel}","templated":true}]}}