{"id":3443,"date":"2020-04-06T08:45:14","date_gmt":"2020-04-06T06:45:14","guid":{"rendered":"http:\/\/osobdravinji.splet.arnes.si\/?page_id=3443"},"modified":"2021-09-01T17:10:17","modified_gmt":"2021-09-01T15:10:17","slug":"status-sportnika-ali-umetnika","status":"publish","type":"page","link":"https:\/\/osobdravinji.si\/?page_id=3443","title":{"rendered":"Status \u0161portnika ali umetnika"},"content":{"rendered":"<p>U\u010denci, ki \u017eelijo v tem \u0161olskem letu pridobiti status \u0161portnika oz. umetnika, morajo vlogo oddati v tajni\u0161tvo do 30. 9.&nbsp; teko\u010dega leta.<\/p>\n<p>Status u\u010denca perspektivnega mladega umetnika lahko pridobi u\u010denec, ki se udele\u017euje dr\u017eavnih tekmovanj s podro\u010dja umetnosti. Status u\u010denca vrhunskega mladega umetnika lahko pridobi u\u010denec, ki dosega najvi\u0161ja mesta oziroma nagrade na dr\u017eavnih tekmovanjih s podro\u010dja umetnosti.<\/p>\n<p>Status u\u010denca perspektivnega \u0161portnika v skladu z 51. \u010dlenom Zakona o osnovni \u0161oli pridobi u\u010denec, ki je registriran pri nacionalni pano\u017eni \u0161portni zvezi in tekmuje v uradnih tekmovalnih sistemih nacionalnih pano\u017enih zvez. Status u\u010denca vrhunskega \u0161portnika lahko pridobi u\u010denec, ki dose\u017ee vrhunski \u0161portni dose\u017eek mednarodne vrednosti. Vsak u\u010denec, ki izpolni te pogoje, je v skladu z 32. \u010dlenom Zakona o \u0161portu registriran \u0161portnik in vpisan v javno evidenco registriranih in kategoriziranih \u0161portnikov.<\/p>\n<p>Uradna oseba v \u0161oli, ki vodi postopek o podelitvi statusa, mora v skladu s 139. \u010dlenom Zakona o splo\u0161nem upravnem postopku po uradni dol\u017enosti priskrbeti podatke o vseh dejstvih, pomembnih za izdajo odlo\u010dbe. \u0160ola podatke pridobi v Seznamu registriranih \u0161portnikov, objavljenem na spletni strani:<\/p>\n<p><a href=\"https:\/\/www.olympic.si\/sportniki\/registracija-in-kategorizacija\">https:\/\/www.olympic.si\/sportniki\/registracija-in-kategorizacija<\/a><\/p>\n\n\n<div class=\"wp-block-file\"><a href=\"https:\/\/osobdravinji.si\/files\/2020\/09\/3218_001.pdf\"><strong>Pravilnik o prilagajanju \u0161olskih obveznosti O\u0160 Ob Dravinji<\/strong><\/a><a href=\"https:\/\/osobdravinji.si\/files\/2020\/09\/3218_001.pdf\" class=\"wp-block-file__button\" download>Download<\/a><\/div>\n\n\n\n<div class=\"wp-block-file\"><a href=\"https:\/\/osobdravinji.si\/files\/2021\/09\/Vloga-za-status-2021-2022.pdf\"><strong>Predlog za dodelitev statusa \u0161portnika \/ umetnika<\/strong><\/a><a href=\"https:\/\/osobdravinji.si\/files\/2021\/09\/Vloga-za-status-2021-2022.pdf\" class=\"wp-block-file__button\" download>Download<\/a><\/div>\n\n\n\n<div class=\"wp-block-file\"><a href=\"https:\/\/osobdravinji.si\/files\/2020\/10\/Dogovor-o-prilagajanju-\u0161olskih-obveznosti-2020.pdf\"><strong>Dogovor o prilagajanju \u0161olskih obveznosti<\/strong><\/a><a href=\"https:\/\/osobdravinji.si\/files\/2020\/10\/Dogovor-o-prilagajanju-\u0161olskih-obveznosti-2020.pdf\" class=\"wp-block-file__button\" download>Download<\/a><\/div>\n\n\n\n<p><\/p>\n","protected":false},"excerpt":{"rendered":"<p>U\u010denci, ki \u017eelijo v tem \u0161olskem letu pridobiti status \u0161portnika oz. umetnika, morajo vlogo oddati v tajni\u0161tvo do 30. 9.&nbsp; teko\u010dega leta. Status u\u010denca perspektivnega mladega umetnika lahko pridobi u\u010denec, ki se udele\u017euje dr\u017eavnih tekmovanj s podro\u010dja umetnosti. Status u\u010denca vrhunskega mladega umetnika lahko pridobi u\u010denec, ki dosega najvi\u0161ja mesta oziroma nagrade na dr\u017eavnih tekmovanjih s podro\u010dja umetnosti. Status u\u010denca perspektivnega \u0161portnika v skladu z 51. \u010dlenom Zakona o osnovni \u0161oli pridobi u\u010denec, ki je registriran pri nacionalni pano\u017eni \u0161portni zvezi in tekmuje v uradnih tekmovalnih sistemih nacionalnih pano\u017enih zvez. Status u\u010denca vrhunskega \u0161portnika lahko pridobi u\u010denec, ki dose\u017ee vrhunski [&hellip;]<\/p>\n","protected":false},"author":36039,"featured_media":0,"parent":0,"menu_order":0,"comment_status":"closed","ping_status":"closed","template":"","meta":{"footnotes":""},"class_list":["post-3443","page","type-page","status-publish","hentry"],"_links":{"self":[{"href":"https:\/\/osobdravinji.si\/index.php?rest_route=\/wp\/v2\/pages\/3443","targetHints":{"allow":["GET"]}}],"collection":[{"href":"https:\/\/osobdravinji.si\/index.php?rest_route=\/wp\/v2\/pages"}],"about":[{"href":"https:\/\/osobdravinji.si\/index.php?rest_route=\/wp\/v2\/types\/page"}],"author":[{"embeddable":true,"href":"https:\/\/osobdravinji.si\/index.php?rest_route=\/wp\/v2\/users\/36039"}],"replies":[{"embeddable":true,"href":"https:\/\/osobdravinji.si\/index.php?rest_route=%2Fwp%2Fv2%2Fcomments&post=3443"}],"version-history":[{"count":5,"href":"https:\/\/osobdravinji.si\/index.php?rest_route=\/wp\/v2\/pages\/3443\/revisions"}],"predecessor-version":[{"id":6318,"href":"https:\/\/osobdravinji.si\/index.php?rest_route=\/wp\/v2\/pages\/3443\/revisions\/6318"}],"wp:attachment":[{"href":"https:\/\/osobdravinji.si\/index.php?rest_route=%2Fwp%2Fv2%2Fmedia&parent=3443"}],"curies":[{"name":"wp","href":"https:\/\/api.w.org\/{rel}","templated":true}]}}